{"id":504,"date":"2023-04-17T16:01:36","date_gmt":"2023-04-17T16:01:36","guid":{"rendered":"https:\/\/noiseteknoloji.com\/?page_id=504"},"modified":"2023-04-17T16:05:21","modified_gmt":"2023-04-17T16:05:21","slug":"usb-kablo-imalati","status":"publish","type":"page","link":"https:\/\/noiseteknoloji.com\/index.php\/usb-kablo-imalati\/","title":{"rendered":"USB Kablo imalat\u0131"},"content":{"rendered":"\t\t<div data-elementor-type=\"wp-page\" data-elementor-id=\"504\" class=\"elementor elementor-504\">\n\t\t\t\t\t\t\t\t\t<section class=\"wd-negative-gap elementor-section elementor-top-section elementor-element elementor-element-672967b elementor-section-boxed elementor-section-height-default elementor-section-height-default wd-section-disabled\" data-id=\"672967b\" data-element_type=\"section\">\n\t\t\t\t\t\t<div class=\"elementor-container elementor-column-gap-default\">\n\t\t\t\t\t<div class=\"elementor-column elementor-col-50 elementor-top-column elementor-element elementor-element-349d93d\" data-id=\"349d93d\" data-element_type=\"column\">\n\t\t\t<div class=\"elementor-widget-wrap elementor-element-populated\">\n\t\t\t\t\t\t\t\t<div class=\"elementor-element elementor-element-163a150 elementor-widget elementor-widget-wd_image_or_svg\" data-id=\"163a150\" data-element_type=\"widget\" data-widget_type=\"wd_image_or_svg.default\">\n\t\t\t\t<div class=\"elementor-widget-container\">\n\t\t\t\t\t\t<link rel=\"stylesheet\" id=\"wd-photoswipe-css\" href=\"https:\/\/noiseteknoloji.com\/wp-content\/themes\/woodmart\/css\/parts\/lib-photoswipe.min.css?ver=6.5.4\" type=\"text\/css\" media=\"all\" \/> \t\t\t\n\t\t<div class=\"wd-image text-center photoswipe-images\">\n\t\t\t\t\t\t\t<a  href=\"http:\/\/noiseteknoloji.com\/wp-content\/uploads\/2023\/04\/H5862e2d99e4e49e6ad260453c6425526l.webp\"data-width=\"750\" data-height=\"750\" data-elementor-open-lightbox=\"no\">\n\t\t\t\t\t\t\t\t<img width=\"750\" height=\"750\" src=\"https:\/\/noiseteknoloji.com\/wp-content\/uploads\/2023\/04\/H5862e2d99e4e49e6ad260453c6425526l.webp\" class=\"attachment-full size-full wp-image-508\" alt=\"\" decoding=\"async\" loading=\"lazy\" srcset=\"https:\/\/noiseteknoloji.com\/wp-content\/uploads\/2023\/04\/H5862e2d99e4e49e6ad260453c6425526l.webp 750w, https:\/\/noiseteknoloji.com\/wp-content\/uploads\/2023\/04\/H5862e2d99e4e49e6ad260453c6425526l-300x300.webp 300w, https:\/\/noiseteknoloji.com\/wp-content\/uploads\/2023\/04\/H5862e2d99e4e49e6ad260453c6425526l-150x150.webp 150w\" sizes=\"(max-width: 750px) 100vw, 750px\" \/>\t\t\t\t\t\t\t<\/a>\n\t\t\t\t\t<\/div>\n\n\t\t\t\t<\/div>\n\t\t\t\t<\/div>\n\t\t\t\t\t<\/div>\n\t\t<\/div>\n\t\t\t\t<div class=\"elementor-column elementor-col-50 elementor-top-column elementor-element elementor-element-b9aaff8\" data-id=\"b9aaff8\" data-element_type=\"column\">\n\t\t\t<div class=\"elementor-widget-wrap elementor-element-populated\">\n\t\t\t\t\t\t\t\t<div class=\"elementor-element elementor-element-d9840a8 elementor-widget elementor-widget-wd_text_block\" data-id=\"d9840a8\" data-element_type=\"widget\" data-widget_type=\"wd_text_block.default\">\n\t\t\t\t<div class=\"elementor-widget-container\">\n\t\t\t\t\t\t<link rel=\"stylesheet\" id=\"wd-text-block-css\" href=\"https:\/\/noiseteknoloji.com\/wp-content\/themes\/woodmart\/css\/parts\/el-text-block.min.css?ver=6.5.4\" type=\"text\/css\" media=\"all\" \/> \t\t\t\t\t<div class=\"wd-text-block reset-last-child text-left\">\n\t\t\t\n\t\t\t<p>\u015eirketimiz ba\u015fta gsm olmak \u00fczere bir \u00e7ok sekt\u00f6re usb ba\u011flant\u0131 elemanlar\u0131 \u00fcretimi gercekle\u015ftirmektedir.<\/p><p>\u00a0<\/p><p>\u00a0<\/p>\n\t\t\t\t\t<\/div>\n\t\t\t\t<\/div>\n\t\t\t\t<\/div>\n\t\t\t\t\t<\/div>\n\t\t<\/div>\n\t\t\t\t\t\t\t<\/div>\n\t\t<\/section>\n\t\t\t\t\t\t\t<\/div>\n\t\t","protected":false},"excerpt":{"rendered":"<p>\u015eirketimiz ba\u015fta gsm olmak \u00fczere bir \u00e7ok sekt\u00f6re usb ba\u011flant\u0131 elemanlar\u0131 \u00fcretimi gercekle\u015ftirmektedir. \u00a0 \u00a0<\/p>\n","protected":false},"author":4,"featured_media":0,"parent":0,"menu_order":0,"comment_status":"closed","ping_status":"closed","template":"","meta":{"_mi_skip_tracking":false},"aioseo_notices":[],"_links":{"self":[{"href":"https:\/\/noiseteknoloji.com\/index.php\/wp-json\/wp\/v2\/pages\/504"}],"collection":[{"href":"https:\/\/noiseteknoloji.com\/index.php\/wp-json\/wp\/v2\/pages"}],"about":[{"href":"https:\/\/noiseteknoloji.com\/index.php\/wp-json\/wp\/v2\/types\/page"}],"author":[{"embeddable":true,"href":"https:\/\/noiseteknoloji.com\/index.php\/wp-json\/wp\/v2\/users\/4"}],"replies":[{"embeddable":true,"href":"https:\/\/noiseteknoloji.com\/index.php\/wp-json\/wp\/v2\/comments?post=504"}],"version-history":[{"count":5,"href":"https:\/\/noiseteknoloji.com\/index.php\/wp-json\/wp\/v2\/pages\/504\/revisions"}],"predecessor-version":[{"id":512,"href":"https:\/\/noiseteknoloji.com\/index.php\/wp-json\/wp\/v2\/pages\/504\/revisions\/512"}],"wp:attachment":[{"href":"https:\/\/noiseteknoloji.com\/index.php\/wp-json\/wp\/v2\/media?parent=504"}],"curies":[{"name":"wp","href":"https:\/\/api.w.org\/{rel}","templated":true}]}}