{"id":280,"date":"2022-09-11T10:51:24","date_gmt":"2022-09-11T10:51:24","guid":{"rendered":"https:\/\/noiseteknoloji.com\/?page_id=280"},"modified":"2022-10-31T16:33:21","modified_gmt":"2022-10-31T16:33:21","slug":"280-2","status":"publish","type":"page","link":"https:\/\/noiseteknoloji.com\/index.php\/280-2\/","title":{"rendered":"E_serisi_datasheet"},"content":{"rendered":"<p>[vc_row][vc_column width=&#8221;1\/2&#8243;][vc_single_image image=&#8221;281&#8243; img_size=&#8221;medium&#8221; alignment=&#8221;center&#8221;][vc_single_image image=&#8221;282&#8243; img_size=&#8221;medium&#8221; alignment=&#8221;center&#8221;][\/vc_column][vc_column width=&#8221;1\/2&#8243;][vc_column_text]<strong>\u00d6ZELL\u0130KLER<\/strong><\/p>\n<ul>\n<li>USB 2.0 USB A male to Type-C Micro, Lightning male connector<\/li>\n<li>Kullan\u0131labilir uzunluk\u00a0 0.5, 1,2 , 1.5,m<\/li>\n<li>PVC Metaryel<\/li>\n<li>\u00a0Bak\u0131r<\/li>\n<li>Siyah, beyaz ve talep edilen di\u011fer renkler<\/li>\n<\/ul>\n<p>Kablo d\u0131\u015f kal\u0131nl\u0131\u011f\u0131 3.6mm<\/p>\n<p>\u00d6l\u00e7\u00fclendirme<\/p>\n<p>K\u0131rm\u0131z\u0131 ve siyah 14*0,10 0,22mm\u00b2 24AWG<\/p>\n<p>Ye\u015fil ve Beyaz 5*0,14 0,12mm\u00b2 26AWG<\/p>\n<p>&nbsp;<\/p>\n<p><strong>\u00d6ZELL\u0130KLER<\/strong><\/p>\n<p>Parametre ko\u015fullar\u0131\/a\u00e7\u0131klama min. tip maks. birim<\/p>\n<p>Voltaj ; 5vdc &#8211; 30 Vdc<\/p>\n<p>Anl\u0131k ak\u0131m : 2.1 A<\/p>\n<p>Maksimum \u0130letken direnci 0,10 \u03a9<\/p>\n<p>yal\u0131t\u0131m direnci 300 Vdc 10 M\u03a9<\/p>\n<p>\u00c7al\u0131\u015fma s\u0131cakl\u0131\u011f\u0131 -20 &#8211; 80 \u00b0C[\/vc_column_text][\/vc_column][\/vc_row][vc_row][vc_column][vc_single_image image=&#8221;287&#8243; img_size=&#8221;large&#8221; alignment=&#8221;center&#8221;][\/vc_column][\/vc_row][vc_row][vc_column width=&#8221;1\/4&#8243;][vc_column_text]<\/p>\n<p><center><div style=\"width: 720px;\" class=\"wp-video\"><!--[if lt IE 9]><script>document.createElement('video');<\/script><![endif]-->\n<video class=\"wp-video-shortcode\" id=\"video-280-1\" width=\"720\" height=\"1280\" preload=\"metadata\" controls=\"controls\"><source type=\"video\/mp4\" src=\"http:\/\/noiseteknoloji.com\/wp-content\/uploads\/2022\/10\/E-serisi-tplu-video2.mp4?_=1\" \/><a href=\"http:\/\/noiseteknoloji.com\/wp-content\/uploads\/2022\/10\/E-serisi-tplu-video2.mp4\">http:\/\/noiseteknoloji.com\/wp-content\/uploads\/2022\/10\/E-serisi-tplu-video2.mp4<\/a><\/video><\/div>\n<p>[\/vc_column_text][\/vc_column][vc_column width=&#8221;3\/4&#8243;][vc_column_text]<\/p>\n\t\t\t<link rel=\"stylesheet\" id=\"wd-mfp-popup-css\" href=\"https:\/\/noiseteknoloji.com\/wp-content\/themes\/woodmart\/css\/parts\/lib-magnific-popup.min.css?ver=6.5.4\" type=\"text\/css\" media=\"all\" \/> \t\t\t\n\t\t<style type=\"text\/css\">\n\t\t\t#gallery-1 {\n\t\t\t\tmargin: auto;\n\t\t\t}\n\t\t\t#gallery-1 .gallery-item {\n\t\t\t\tfloat: left;\n\t\t\t\tmargin-top: 10px;\n\t\t\t\ttext-align: center;\n\t\t\t\twidth: 25%;\n\t\t\t}\n\t\t\t#gallery-1 img {\n\t\t\t\tborder: 2px solid #cfcfcf;\n\t\t\t}\n\t\t\t#gallery-1 .gallery-caption {\n\t\t\t\tmargin-left: 0;\n\t\t\t}\n\t\t\t\/* see gallery_shortcode() in wp-includes\/media.php *\/\n\t\t<\/style>\n\t\t<div id='gallery-1' class='gallery galleryid-280 gallery-columns-4 gallery-size-thumbnail'><dl class='gallery-item'>\n\t\t\t<dt class='gallery-icon landscape'>\n\t\t\t\t<a href='https:\/\/noiseteknoloji.com\/index.php\/280-2\/et100-siyah\/'><img width=\"150\" height=\"150\" src=\"https:\/\/noiseteknoloji.com\/wp-content\/uploads\/2022\/09\/ET100-siyah-150x150.png\" class=\"attachment-thumbnail size-thumbnail\" alt=\"\" decoding=\"async\" loading=\"lazy\" srcset=\"https:\/\/noiseteknoloji.com\/wp-content\/uploads\/2022\/09\/ET100-siyah-150x150.png 150w, https:\/\/noiseteknoloji.com\/wp-content\/uploads\/2022\/09\/ET100-siyah-300x300.png 300w, https:\/\/noiseteknoloji.com\/wp-content\/uploads\/2022\/09\/ET100-siyah-1024x1024.png 1024w, https:\/\/noiseteknoloji.com\/wp-content\/uploads\/2022\/09\/ET100-siyah-768x768.png 768w, https:\/\/noiseteknoloji.com\/wp-content\/uploads\/2022\/09\/ET100-siyah.png 1080w\" sizes=\"(max-width: 150px) 100vw, 150px\" \/><\/a>\n\t\t\t<\/dt><\/dl><dl class='gallery-item'>\n\t\t\t<dt class='gallery-icon landscape'>\n\t\t\t\t<a href='https:\/\/noiseteknoloji.com\/index.php\/280-2\/et100\/'><img width=\"150\" height=\"150\" src=\"https:\/\/noiseteknoloji.com\/wp-content\/uploads\/2022\/09\/et100-150x150.jpg\" class=\"attachment-thumbnail size-thumbnail\" alt=\"E serisi Kal\u0131p ve \u00d6zellikleri\" decoding=\"async\" loading=\"lazy\" aria-describedby=\"gallery-1-281\" srcset=\"https:\/\/noiseteknoloji.com\/wp-content\/uploads\/2022\/09\/et100-150x150.jpg 150w, https:\/\/noiseteknoloji.com\/wp-content\/uploads\/2022\/09\/et100-300x300.jpg 300w, https:\/\/noiseteknoloji.com\/wp-content\/uploads\/2022\/09\/et100-1024x1024.jpg 1024w, https:\/\/noiseteknoloji.com\/wp-content\/uploads\/2022\/09\/et100-768x768.jpg 768w, https:\/\/noiseteknoloji.com\/wp-content\/uploads\/2022\/09\/et100.jpg 1080w\" sizes=\"(max-width: 150px) 100vw, 150px\" \/><\/a>\n\t\t\t<\/dt>\n\t\t\t\t<dd class='wp-caption-text gallery-caption' id='gallery-1-281'>\n\t\t\t\tE serisi Kal\u0131p ve \u00d6zellikleri\n\t\t\t\t<\/dd><\/dl>\n\t\t\t<br style='clear: both' \/>\n\t\t<\/div>\n\n<p>[\/vc_column_text][\/vc_column][\/vc_row][vc_row][vc_column][vc_column_text]<\/p>\n<p><\/center>[\/vc_column_text][\/vc_column][\/vc_row]<\/p>\n","protected":false},"excerpt":{"rendered":"<p>[vc_row][vc_column width=&#8221;1\/2&#8243;][vc_single_image image=&#8221;281&#8243; img_size=&#8221;medium&#8221; alignment=&#8221;center&#8221;][vc_single_image image=&#8221;282&#8243; img_size=&#8221;medium&#8221; alignment=&#8221;center&#8221;][\/vc_column][vc_column width=&#8221;1\/2&#8243;][vc_column_text]\u00d6ZELL\u0130KLER USB 2.0 USB A male to Type-C Micro, Lightning male connector<\/p>\n","protected":false},"author":4,"featured_media":0,"parent":0,"menu_order":0,"comment_status":"closed","ping_status":"closed","template":"","meta":{"_mi_skip_tracking":false},"aioseo_notices":[],"_links":{"self":[{"href":"https:\/\/noiseteknoloji.com\/index.php\/wp-json\/wp\/v2\/pages\/280"}],"collection":[{"href":"https:\/\/noiseteknoloji.com\/index.php\/wp-json\/wp\/v2\/pages"}],"about":[{"href":"https:\/\/noiseteknoloji.com\/index.php\/wp-json\/wp\/v2\/types\/page"}],"author":[{"embeddable":true,"href":"https:\/\/noiseteknoloji.com\/index.php\/wp-json\/wp\/v2\/users\/4"}],"replies":[{"embeddable":true,"href":"https:\/\/noiseteknoloji.com\/index.php\/wp-json\/wp\/v2\/comments?post=280"}],"version-history":[{"count":13,"href":"https:\/\/noiseteknoloji.com\/index.php\/wp-json\/wp\/v2\/pages\/280\/revisions"}],"predecessor-version":[{"id":440,"href":"https:\/\/noiseteknoloji.com\/index.php\/wp-json\/wp\/v2\/pages\/280\/revisions\/440"}],"wp:attachment":[{"href":"https:\/\/noiseteknoloji.com\/index.php\/wp-json\/wp\/v2\/media?parent=280"}],"curies":[{"name":"wp","href":"https:\/\/api.w.org\/{rel}","templated":true}]}}