{"id":250,"date":"2022-09-05T08:26:15","date_gmt":"2022-09-05T08:26:15","guid":{"rendered":"https:\/\/noiseteknoloji.com\/?page_id=250"},"modified":"2022-09-05T08:46:05","modified_gmt":"2022-09-05T08:46:05","slug":"odm-hizmetleri","status":"publish","type":"page","link":"https:\/\/noiseteknoloji.com\/index.php\/odm-hizmetleri\/","title":{"rendered":"ODM hizmetleri"},"content":{"rendered":"<p>[vc_row][vc_column width=&#8221;1\/3&#8243;][vc_video link=&#8221;https:\/\/youtu.be\/GcdPR1vnGqM&#8221;][\/vc_column][vc_column width=&#8221;2\/3&#8243;][vc_column_text]<b>Orijinal dizayn imalat\u00e7\u0131s\u0131<\/b>\u00a0(<b>Original Design Manufacturer &#8211; ODM<\/b>), bir \u00fcr\u00fcn\u00fc ba\u015fka bir\u00a0<a title=\"Marka\" href=\"https:\/\/tr.wikipedia.org\/wiki\/Marka\">marka<\/a> ad\u0131 alt\u0131nda sat\u0131lmas\u0131 amac\u0131yla, kendisi dizayn ve imal eden imalat\u00e7\u0131lard\u0131r. B\u00f6yle \u015firketler marka sahibi olan ve \u00fcr\u00fcn\u00fc satan \u015firketlere fabrika a\u00e7madan ve \u00e7ok say\u0131da i\u015f\u00e7i \u00e7al\u0131\u015ft\u0131rmadan \u00fcretim yapma imk\u00e2n\u0131 verirler.<\/p>\n<p>Firmam\u0131z bu b\u00fcnyede bir cok firmaya markala\u015fma konusunda i\u015f ortakl\u0131\u011f\u0131nda bulunup \u00fcretim gercekle\u015ftirmektedir. \u00dcretimini ger\u00e7ekle\u015ftirdi\u011fimiz t\u00fcm \u00fcr\u00fcnler testten gecmektedir.[\/vc_column_text][vc_single_image image=&#8221;257&#8243; img_size=&#8221;large&#8221;][\/vc_column][\/vc_row]<\/p>\n","protected":false},"excerpt":{"rendered":"<p>[vc_row][vc_column width=&#8221;1\/3&#8243;][vc_video link=&#8221;https:\/\/youtu.be\/GcdPR1vnGqM&#8221;][\/vc_column][vc_column width=&#8221;2\/3&#8243;][vc_column_text]Orijinal dizayn imalat\u00e7\u0131s\u0131\u00a0(Original Design Manufacturer &#8211; ODM), bir \u00fcr\u00fcn\u00fc ba\u015fka bir\u00a0marka ad\u0131 alt\u0131nda sat\u0131lmas\u0131 amac\u0131yla, kendisi dizayn<\/p>\n","protected":false},"author":4,"featured_media":0,"parent":0,"menu_order":0,"comment_status":"closed","ping_status":"closed","template":"","meta":{"_mi_skip_tracking":false},"aioseo_notices":[],"_links":{"self":[{"href":"https:\/\/noiseteknoloji.com\/index.php\/wp-json\/wp\/v2\/pages\/250"}],"collection":[{"href":"https:\/\/noiseteknoloji.com\/index.php\/wp-json\/wp\/v2\/pages"}],"about":[{"href":"https:\/\/noiseteknoloji.com\/index.php\/wp-json\/wp\/v2\/types\/page"}],"author":[{"embeddable":true,"href":"https:\/\/noiseteknoloji.com\/index.php\/wp-json\/wp\/v2\/users\/4"}],"replies":[{"embeddable":true,"href":"https:\/\/noiseteknoloji.com\/index.php\/wp-json\/wp\/v2\/comments?post=250"}],"version-history":[{"count":6,"href":"https:\/\/noiseteknoloji.com\/index.php\/wp-json\/wp\/v2\/pages\/250\/revisions"}],"predecessor-version":[{"id":276,"href":"https:\/\/noiseteknoloji.com\/index.php\/wp-json\/wp\/v2\/pages\/250\/revisions\/276"}],"wp:attachment":[{"href":"https:\/\/noiseteknoloji.com\/index.php\/wp-json\/wp\/v2\/media?parent=250"}],"curies":[{"name":"wp","href":"https:\/\/api.w.org\/{rel}","templated":true}]}}