{"id":187,"date":"2022-08-06T19:42:50","date_gmt":"2022-08-06T19:42:50","guid":{"rendered":"https:\/\/uquick.net\/?page_id=187"},"modified":"2022-10-09T20:09:33","modified_gmt":"2022-10-09T20:09:33","slug":"hakkimizda","status":"publish","type":"page","link":"https:\/\/noiseteknoloji.com\/index.php\/hakkimizda\/","title":{"rendered":"Hakk\u0131m\u0131zda2"},"content":{"rendered":"<p>Noise Teknoloji olarak firmam\u0131z 2010 y\u0131l\u0131ndan buyana elektronik sekt\u00f6r\u00fcnde bir\u00e7ok faliyetlerde bulunmu\u015f olup,\u00a0 2020\u00a0 y\u0131l\u0131nda kazan\u0131lm\u0131\u015f tecr\u00fcbelerle\u00a0 yeni bir \u00fcretim tesisi kurmu\u015f\u00a0 ve USB Type C , Micro USB , Lightning\u00a0 \u00a0kablo ve \u00fcr\u00fcnlerininin\u00a0 \u00fcretimi ve Ar-Ge&#8217;si konusunda uzmanla\u015fm\u0131\u015ft\u0131r.<\/p>\n<p>Son teknoloji otomatik lehimleme ve enjeksiyon makineleri kullanarak ayl\u0131k 150.000 adet USB kablo imal kapasitemiz ile kullan\u0131c\u0131lar\u0131m\u0131z\u0131n ihtiya\u00e7lar\u0131na uygun, kaliteli \u015farj ve data kablolar\u0131 imal etmekteyiz. \u00dcretmi\u015f oldu\u011fumuz kablolarda g\u00fcvenlik \u00e7ipleri bulunan soketler kullanmaktay\u0131z.<\/p>\n<p>Misyonumuz, insanlar ve \u00e7evre i\u00e7in g\u00fcvenli, standart kablolar yapmakt\u0131r. Pazar trendine g\u00f6re \u00e7e\u015fitli yeni ve yenilik\u00e7i \u00fcr\u00fcnler geli\u015ftirmeye devam ediyor ve en iyi, en g\u00fcvenilir ve en yenilik\u00e7i i\u015f ortaklar\u0131n\u0131z olmay\u0131 hedefliyoruz. M\u00fc\u015fterilerimizi i\u015f ortaklar\u0131 olarak g\u00f6rmekte ve ihtiya\u00e7lar\u0131na g\u00f6re \u00f6zelle\u015ftirilmi\u015f kablolar \u00fcretip markalamas\u0131n\u0131 yapmaktay\u0131z.<\/p>\n<p>\u00dcretmi\u015f oldu\u011fumuz her bir \u00fcr\u00fcn \u00f6nce fiziksel olarak, sonrada son teknoloji makineler ile test edilerek kalitemizi en \u00fcst noktaya \u00e7\u0131karmay\u0131 ama\u00e7lamaktay\u0131z.<\/p>\n<p>\u00dcretti\u011fimiz \u00fcr\u00fcnler yan\u0131nda ambalaj \u00fcr\u00fcnleri , paketleme, markalama , belgelendirme ve e-ticaret gibi bir \u00e7ok konuda i\u015f ortaklar\u0131m\u0131za \u00e7\u00f6z\u00fcm orta\u011f\u0131 olmaktay\u0131z.<\/p>\n<p>.<\/p>\n<p>KAL\u0130TE BELGELER\u0130M\u0130Z<\/p>\n\t\t\t<link rel=\"stylesheet\" id=\"wd-mfp-popup-css\" href=\"https:\/\/noiseteknoloji.com\/wp-content\/themes\/woodmart\/css\/parts\/lib-magnific-popup.min.css?ver=6.5.4\" type=\"text\/css\" media=\"all\" \/> \t\t\t\n\t\t<style type=\"text\/css\">\n\t\t\t#gallery-1 {\n\t\t\t\tmargin: auto;\n\t\t\t}\n\t\t\t#gallery-1 .gallery-item {\n\t\t\t\tfloat: left;\n\t\t\t\tmargin-top: 10px;\n\t\t\t\ttext-align: center;\n\t\t\t\twidth: 20%;\n\t\t\t}\n\t\t\t#gallery-1 img {\n\t\t\t\tborder: 2px solid #cfcfcf;\n\t\t\t}\n\t\t\t#gallery-1 .gallery-caption {\n\t\t\t\tmargin-left: 0;\n\t\t\t}\n\t\t\t\/* see gallery_shortcode() in wp-includes\/media.php *\/\n\t\t<\/style>\n\t\t<div id='gallery-1' class='gallery galleryid-187 gallery-columns-5 gallery-size-thumbnail'><dl class='gallery-item'>\n\t\t\t<dt class='gallery-icon portrait'>\n\t\t\t\t<a href='https:\/\/noiseteknoloji.com\/wp-content\/uploads\/2022\/08\/NOISE-TEKNOLOJI-ISO-9001-Small.jpg'><img width=\"150\" height=\"150\" src=\"https:\/\/noiseteknoloji.com\/wp-content\/uploads\/2022\/08\/NOISE-TEKNOLOJI-ISO-9001-Small-150x150.jpg\" class=\"attachment-thumbnail size-thumbnail\" alt=\"\" decoding=\"async\" loading=\"lazy\" \/><\/a>\n\t\t\t<\/dt><\/dl><dl class='gallery-item'>\n\t\t\t<dt class='gallery-icon portrait'>\n\t\t\t\t<a href='https:\/\/noiseteknoloji.com\/wp-content\/uploads\/2022\/08\/noise-teknoloji-s\u0327arj-kablosu-1647-YmbPdf-imzali-1-Small-1-480x600-1.jpg'><img width=\"150\" height=\"150\" src=\"https:\/\/noiseteknoloji.com\/wp-content\/uploads\/2022\/08\/noise-teknoloji-s\u0327arj-kablosu-1647-YmbPdf-imzali-1-Small-1-480x600-1-150x150.jpg\" class=\"attachment-thumbnail size-thumbnail\" alt=\"\" decoding=\"async\" loading=\"lazy\" \/><\/a>\n\t\t\t<\/dt><\/dl><dl class='gallery-item'>\n\t\t\t<dt class='gallery-icon portrait'>\n\t\t\t\t<a href='https:\/\/noiseteknoloji.com\/wp-content\/uploads\/2022\/08\/IMG_20211223_0007-1-Small-480x600-1.jpg'><img width=\"150\" height=\"150\" src=\"https:\/\/noiseteknoloji.com\/wp-content\/uploads\/2022\/08\/IMG_20211223_0007-1-Small-480x600-1-150x150.jpg\" class=\"attachment-thumbnail size-thumbnail\" alt=\"\" decoding=\"async\" loading=\"lazy\" \/><\/a>\n\t\t\t<\/dt><\/dl><dl class='gallery-item'>\n\t\t\t<dt class='gallery-icon portrait'>\n\t\t\t\t<a href='https:\/\/noiseteknoloji.com\/wp-content\/uploads\/2022\/08\/IMG_20211223_0005-Small-480x600-1.jpg'><img width=\"150\" height=\"150\" src=\"https:\/\/noiseteknoloji.com\/wp-content\/uploads\/2022\/08\/IMG_20211223_0005-Small-480x600-1-150x150.jpg\" class=\"attachment-thumbnail size-thumbnail\" alt=\"\" decoding=\"async\" loading=\"lazy\" \/><\/a>\n\t\t\t<\/dt><\/dl><dl class='gallery-item'>\n\t\t\t<dt class='gallery-icon portrait'>\n\t\t\t\t<a href='https:\/\/noiseteknoloji.com\/wp-content\/uploads\/2022\/08\/IMG_20211223_0006-Small-480x600-1.jpg'><img width=\"150\" height=\"150\" src=\"https:\/\/noiseteknoloji.com\/wp-content\/uploads\/2022\/08\/IMG_20211223_0006-Small-480x600-1-150x150.jpg\" class=\"attachment-thumbnail size-thumbnail\" alt=\"\" decoding=\"async\" loading=\"lazy\" \/><\/a>\n\t\t\t<\/dt><\/dl><br style=\"clear: both\" \/>\n\t\t<\/div>\n\n","protected":false},"excerpt":{"rendered":"<p>Noise Teknoloji olarak firmam\u0131z 2010 y\u0131l\u0131ndan buyana elektronik sekt\u00f6r\u00fcnde bir\u00e7ok faliyetlerde bulunmu\u015f olup,\u00a0 2020\u00a0 y\u0131l\u0131nda kazan\u0131lm\u0131\u015f tecr\u00fcbelerle\u00a0 yeni bir \u00fcretim<\/p>\n","protected":false},"author":4,"featured_media":0,"parent":0,"menu_order":0,"comment_status":"closed","ping_status":"closed","template":"","meta":{"_mi_skip_tracking":false},"aioseo_notices":[],"_links":{"self":[{"href":"https:\/\/noiseteknoloji.com\/index.php\/wp-json\/wp\/v2\/pages\/187"}],"collection":[{"href":"https:\/\/noiseteknoloji.com\/index.php\/wp-json\/wp\/v2\/pages"}],"about":[{"href":"https:\/\/noiseteknoloji.com\/index.php\/wp-json\/wp\/v2\/types\/page"}],"author":[{"embeddable":true,"href":"https:\/\/noiseteknoloji.com\/index.php\/wp-json\/wp\/v2\/users\/4"}],"replies":[{"embeddable":true,"href":"https:\/\/noiseteknoloji.com\/index.php\/wp-json\/wp\/v2\/comments?post=187"}],"version-history":[{"count":3,"href":"https:\/\/noiseteknoloji.com\/index.php\/wp-json\/wp\/v2\/pages\/187\/revisions"}],"predecessor-version":[{"id":333,"href":"https:\/\/noiseteknoloji.com\/index.php\/wp-json\/wp\/v2\/pages\/187\/revisions\/333"}],"wp:attachment":[{"href":"https:\/\/noiseteknoloji.com\/index.php\/wp-json\/wp\/v2\/media?parent=187"}],"curies":[{"name":"wp","href":"https:\/\/api.w.org\/{rel}","templated":true}]}}