{"id":185,"date":"2022-08-06T19:42:29","date_gmt":"2022-08-06T19:42:29","guid":{"rendered":"https:\/\/uquick.net\/?page_id=185"},"modified":"2023-04-24T06:57:42","modified_gmt":"2023-04-24T06:57:42","slug":"ana-sayfa","status":"publish","type":"page","link":"https:\/\/noiseteknoloji.com\/","title":{"rendered":"Hakk\u0131m\u0131zda"},"content":{"rendered":"<p>[vc_row full_width=&#8221;stretch_row_content_no_spaces&#8221; css=&#8221;.vc_custom_1496220814548{margin-top: -40px !important;margin-bottom: 8vh !important;padding-top: 0px !important;}&#8221;][vc_column css=&#8221;.vc_custom_1496220809434{padding-top: 0px !important;}&#8221;][vc_column_text text_larger=&#8221;no&#8221;]<div id=\"metaslider-id-201\" style=\"width: 100%;\" class=\"ml-slider-3-30-0 metaslider metaslider-flex metaslider-201 ml-slider nav-hidden\">\n    <div id=\"metaslider_container_201\">\n        <div id=\"metaslider_201\">\n            <ul aria-live=\"polite\" class=\"slides\">\n                <li style=\"display: block; width: 100%;\" class=\"slide-203 ms-image\"><img src=\"https:\/\/noiseteknoloji.com\/wp-content\/uploads\/2022\/08\/RGB-1350x386-1-1366x350.png\" height=\"350\" width=\"1366\" alt=\"\" class=\"slider-201 slide-203\" title=\"RGB-1350x386-1\" \/><\/li>\n                <li style=\"display: none; width: 100%;\" class=\"slide-503 ms-image\"><img src=\"https:\/\/noiseteknoloji.com\/wp-content\/uploads\/2023\/04\/20221231_164604.jpg\" height=\"350\" width=\"1366\" alt=\"\" class=\"slider-201 slide-503\" title=\"20221231_164604\" \/><\/li>\n                <li style=\"display: none; width: 100%;\" class=\"slide-248 ms-image\"><img src=\"https:\/\/noiseteknoloji.com\/wp-content\/uploads\/2022\/08\/bjjner-1000x256.png\" height=\"350\" width=\"1366\" alt=\"\" class=\"slider-201 slide-248\" title=\"bjjner\" \/><\/li>\n                <li style=\"display: none; width: 100%;\" class=\"slide-469 ms-image\"><img src=\"https:\/\/noiseteknoloji.com\/wp-content\/uploads\/2022\/12\/e-banner-aralik.png\" height=\"350\" width=\"1366\" alt=\"\" class=\"slider-201 slide-469\" title=\"e banner aralik\" \/><\/li>\n            <\/ul>\n        <\/div>\n        \n    <\/div>\n<\/div>[\/vc_column_text][\/vc_column][\/vc_row][vc_row woodmart_disable_overflow=&#8221;1&#8243; css=&#8221;.vc_custom_1496402498927{margin-bottom: 8vh !important;}&#8221; el_class=&#8221;bg-bottom&#8221;][vc_column width=&#8221;2\/3&#8243;][vc_column_text text_larger=&#8221;no&#8221;]Firmam\u0131z USB Type C kablolar\u0131, Micro USB kablolar\u0131, Lightning kablolar\u0131, \u00fcretimi ve Ar-Ge&#8217;si konusunda uzmanla\u015fm\u0131\u015f bir \u00fcreticidir. Son teknoloji otomatik lehimleme ve enjeksiyon makineleri kullanarak ayl\u0131k 150.000 adet\u00a0 USB kablo imal kapasitemiz ile kullan\u0131c\u0131lar\u0131m\u0131z\u0131n ihtiya\u00e7lar\u0131na uygun, kaliteli \u015farj ve data kablolar\u0131 imal etmekteyiz. \u00dcretmi\u015f oldu\u011fumuz kablolarda g\u00fcvenlik \u00e7ipleri bulunan soketler kullanmaktay\u0131z.<\/p>\n<p>Misyonumuz, insanlar ve \u00e7evre i\u00e7in g\u00fcvenli, standart kablolar yapmakt\u0131r. Pazar trendine g\u00f6re \u00e7e\u015fitli yeni ve yenilik\u00e7i \u00fcr\u00fcnler geli\u015ftirmeye devam ediyor ve en iyi, en g\u00fcvenilir ve en yenilik\u00e7i i\u015f ortaklar\u0131n\u0131z olmay\u0131 hedefliyoruz. M\u00fc\u015fterilerimizi i\u015f ortaklar\u0131 olarak g\u00f6rmekte ve ihtiya\u00e7lar\u0131na g\u00f6re \u00f6zelle\u015ftirilmi\u015f kablolar \u00fcretip markalamas\u0131n\u0131 yapmaktay\u0131z.<\/p>\n<p><a href=\"https:\/\/noiseteknoloji.com\/index.php\/hakkimizda\/\">Daha fazla &#8230;.<\/a>[\/vc_column_text][\/vc_column][vc_column 0=&#8221;&#8221; width=&#8221;1\/3&#8243; css=&#8221;.vc_custom_1496220821354{padding-top: 0px !important;}&#8221;][vc_video link=&#8221;https:\/\/www.youtube.com\/watch?v=Az2oXtmkAiA&#8221; el_width=&#8221;50&#8243; el_aspect=&#8221;916&#8243;][\/vc_column][\/vc_row][vc_row][vc_column width=&#8221;1\/3&#8243;][vc_column_text text_larger=&#8221;no&#8221;]<strong>Kalite Kontrol Sistemi<\/strong><\/p>\n<p>\u0130so ve Ce kalite belgeli imalathanemiz, kalite kontrol sistemlerini tamamlamaya ve proses yakla\u015f\u0131m\u0131yla etkinli\u011fini art\u0131rmaya devam ediyor. M\u00fc\u015fteri gereksinimlerini kar\u015f\u0131layarak, m\u00fc\u015fteri memnuniyetini art\u0131rmay\u0131 hedeflemektedir.<img decoding=\"async\" loading=\"lazy\" class=\"alignnone size-full wp-image-198\" src=\"http:\/\/noiseteknoloji.com\/wp-content\/uploads\/2022\/08\/He16e2883a9774657991c6ca9fbec436e1-Mobile-e1651690923527-300x157-1.jpg\" alt=\"\" width=\"300\" height=\"157\" \/>[\/vc_column_text][vc_column_text text_larger=&#8221;no&#8221;]<\/p>\n<p>Garanti<\/p>\n<p>T\u00fcm usb ve usb type-c \u00fcr\u00fcnlerimiz 12 ay garanti sunar, herhangi bir kusurlu veya \u00fcr\u00fcn sorunu bulursan\u0131z, \u00fcr\u00fcn\u00fc de\u011fi\u015ftirmek i\u00e7in bizimle ileti\u015fime ge\u00e7ebilirsiniz. Size daha iyi sat\u0131\u015f sonras\u0131 hizmetler sunmak i\u00e7in elimizden gelenin en iyisini yapaca\u011f\u0131z.[\/vc_column_text][\/vc_column][vc_column width=&#8221;1\/3&#8243;][vc_column_text text_larger=&#8221;no&#8221;]<img decoding=\"async\" loading=\"lazy\" class=\"alignnone size-medium wp-image-196\" src=\"http:\/\/noiseteknoloji.com\/wp-content\/uploads\/2022\/08\/333-300x300-1-300x300.jpg\" alt=\"\" width=\"300\" height=\"300\" srcset=\"https:\/\/noiseteknoloji.com\/wp-content\/uploads\/2022\/08\/333-300x300-1.jpg 300w, https:\/\/noiseteknoloji.com\/wp-content\/uploads\/2022\/08\/333-300x300-1-150x150.jpg 150w\" sizes=\"(max-width: 300px) 100vw, 300px\" \/>[\/vc_column_text][\/vc_column][vc_column width=&#8221;1\/3&#8243;][vc_column_text text_larger=&#8221;no&#8221;]<strong>\u00dcst\u00fcn Hizmet<\/strong><\/p>\n<p>Sat\u0131\u015f ve destek ekiplerimiz, \u00fcr\u00fcn sorgusu veya deste\u011fi ne olursa olsun, 24 saat i\u00e7inde size h\u0131zl\u0131 bir \u015fekilde yan\u0131t verecektir.\u00a0Sizinle veya tasar\u0131m ekibinizle ve \u00fcretim fabrikan\u0131zla ortakla\u015fa \u00e7al\u0131\u015fmak ve teklif \u00f6rnekleri, \u00fcr\u00fcnler veya tavsiyeler konusunda elimizden gelen deste\u011fi vermek isteriz.[\/vc_column_text][vc_column_text text_larger=&#8221;no&#8221;]<strong>Olgun OEM\/ODM (<b>Original Design Manufacturer)<\/b>\u00a0Hizmeti<\/strong><\/p>\n<p>\u00dcr\u00fcnlerinize marka olu\u015fturmaya yard\u0131mc\u0131 oluyoruz ve ayr\u0131ca markan\u0131z\u0131n paket tasar\u0131m\u0131 \u00f6nerisini de sunabiliyoruz. Grafike ekibimizle\u00a0 kaliteli logo ve g\u00f6rseller haz\u0131rlayabiliyoruz .\u00a0 Yerel pazarlarde yer alman\u0131za ve markan\u0131z\u0131n etkisini art\u0131rman\u0131za yard\u0131mc\u0131 oluyoruz.[\/vc_column_text][\/vc_column][\/vc_row][vc_row][vc_column][vc_column_text]<\/p>\n<p>KAL\u0130TE BELGELER\u0130M\u0130Z<\/p>\n\t\t\t<link rel=\"stylesheet\" id=\"wd-mfp-popup-css\" href=\"https:\/\/noiseteknoloji.com\/wp-content\/themes\/woodmart\/css\/parts\/lib-magnific-popup.min.css?ver=6.5.4\" type=\"text\/css\" media=\"all\" \/> \t\t\t\n\t\t<style type=\"text\/css\">\n\t\t\t#gallery-1 {\n\t\t\t\tmargin: auto;\n\t\t\t}\n\t\t\t#gallery-1 .gallery-item {\n\t\t\t\tfloat: left;\n\t\t\t\tmargin-top: 10px;\n\t\t\t\ttext-align: center;\n\t\t\t\twidth: 20%;\n\t\t\t}\n\t\t\t#gallery-1 img {\n\t\t\t\tborder: 2px solid #cfcfcf;\n\t\t\t}\n\t\t\t#gallery-1 .gallery-caption {\n\t\t\t\tmargin-left: 0;\n\t\t\t}\n\t\t\t\/* see gallery_shortcode() in wp-includes\/media.php *\/\n\t\t<\/style>\n\t\t<div id='gallery-1' class='gallery galleryid-185 gallery-columns-5 gallery-size-thumbnail'><dl class='gallery-item'>\n\t\t\t<dt class='gallery-icon portrait'>\n\t\t\t\t<a href='https:\/\/noiseteknoloji.com\/wp-content\/uploads\/2022\/08\/NOISE-TEKNOLOJI-ISO-9001-Small.jpg'><img width=\"150\" height=\"150\" src=\"https:\/\/noiseteknoloji.com\/wp-content\/uploads\/2022\/08\/NOISE-TEKNOLOJI-ISO-9001-Small-150x150.jpg\" class=\"attachment-thumbnail size-thumbnail\" alt=\"\" decoding=\"async\" loading=\"lazy\" \/><\/a>\n\t\t\t<\/dt><\/dl><dl class='gallery-item'>\n\t\t\t<dt class='gallery-icon portrait'>\n\t\t\t\t<a href='https:\/\/noiseteknoloji.com\/wp-content\/uploads\/2022\/08\/noise-teknoloji-s\u0327arj-kablosu-1647-YmbPdf-imzali-1-Small-1-480x600-1.jpg'><img width=\"150\" height=\"150\" src=\"https:\/\/noiseteknoloji.com\/wp-content\/uploads\/2022\/08\/noise-teknoloji-s\u0327arj-kablosu-1647-YmbPdf-imzali-1-Small-1-480x600-1-150x150.jpg\" class=\"attachment-thumbnail size-thumbnail\" alt=\"\" decoding=\"async\" loading=\"lazy\" \/><\/a>\n\t\t\t<\/dt><\/dl><dl class='gallery-item'>\n\t\t\t<dt class='gallery-icon portrait'>\n\t\t\t\t<a href='https:\/\/noiseteknoloji.com\/wp-content\/uploads\/2022\/08\/IMG_20211223_0007-1-Small-480x600-1.jpg'><img width=\"150\" height=\"150\" src=\"https:\/\/noiseteknoloji.com\/wp-content\/uploads\/2022\/08\/IMG_20211223_0007-1-Small-480x600-1-150x150.jpg\" class=\"attachment-thumbnail size-thumbnail\" alt=\"\" decoding=\"async\" loading=\"lazy\" \/><\/a>\n\t\t\t<\/dt><\/dl><dl class='gallery-item'>\n\t\t\t<dt class='gallery-icon portrait'>\n\t\t\t\t<a href='https:\/\/noiseteknoloji.com\/wp-content\/uploads\/2022\/08\/IMG_20211223_0005-Small-480x600-1.jpg'><img width=\"150\" height=\"150\" src=\"https:\/\/noiseteknoloji.com\/wp-content\/uploads\/2022\/08\/IMG_20211223_0005-Small-480x600-1-150x150.jpg\" class=\"attachment-thumbnail size-thumbnail\" alt=\"\" decoding=\"async\" loading=\"lazy\" \/><\/a>\n\t\t\t<\/dt><\/dl><dl class='gallery-item'>\n\t\t\t<dt class='gallery-icon portrait'>\n\t\t\t\t<a href='https:\/\/noiseteknoloji.com\/wp-content\/uploads\/2022\/08\/IMG_20211223_0006-Small-480x600-1.jpg'><img width=\"150\" height=\"150\" src=\"https:\/\/noiseteknoloji.com\/wp-content\/uploads\/2022\/08\/IMG_20211223_0006-Small-480x600-1-150x150.jpg\" class=\"attachment-thumbnail size-thumbnail\" alt=\"\" decoding=\"async\" loading=\"lazy\" \/><\/a>\n\t\t\t<\/dt><\/dl><br style=\"clear: both\" \/>\n\t\t<\/div>\n\n<p>[\/vc_column_text][\/vc_column][\/vc_row]<\/p>\n","protected":false},"excerpt":{"rendered":"<p>[vc_row full_width=&#8221;stretch_row_content_no_spaces&#8221; css=&#8221;.vc_custom_1496220814548{margin-top: -40px !important;margin-bottom: 8vh !important;padding-top: 0px !important;}&#8221;][vc_column css=&#8221;.vc_custom_1496220809434{padding-top: 0px !important;}&#8221;][vc_column_text text_larger=&#8221;no&#8221;][\/vc_column_text][\/vc_column][\/vc_row][vc_row woodmart_disable_overflow=&#8221;1&#8243; css=&#8221;.vc_custom_1496402498927{margin-bottom: 8vh !important;}&#8221; el_class=&#8221;bg-bottom&#8221;][vc_column width=&#8221;2\/3&#8243;][vc_column_text text_larger=&#8221;no&#8221;]Firmam\u0131z<\/p>\n","protected":false},"author":4,"featured_media":0,"parent":0,"menu_order":0,"comment_status":"closed","ping_status":"closed","template":"","meta":{"_mi_skip_tracking":false},"aioseo_notices":[],"_links":{"self":[{"href":"https:\/\/noiseteknoloji.com\/index.php\/wp-json\/wp\/v2\/pages\/185"}],"collection":[{"href":"https:\/\/noiseteknoloji.com\/index.php\/wp-json\/wp\/v2\/pages"}],"about":[{"href":"https:\/\/noiseteknoloji.com\/index.php\/wp-json\/wp\/v2\/types\/page"}],"author":[{"embeddable":true,"href":"https:\/\/noiseteknoloji.com\/index.php\/wp-json\/wp\/v2\/users\/4"}],"replies":[{"embeddable":true,"href":"https:\/\/noiseteknoloji.com\/index.php\/wp-json\/wp\/v2\/comments?post=185"}],"version-history":[{"count":19,"href":"https:\/\/noiseteknoloji.com\/index.php\/wp-json\/wp\/v2\/pages\/185\/revisions"}],"predecessor-version":[{"id":464,"href":"https:\/\/noiseteknoloji.com\/index.php\/wp-json\/wp\/v2\/pages\/185\/revisions\/464"}],"wp:attachment":[{"href":"https:\/\/noiseteknoloji.com\/index.php\/wp-json\/wp\/v2\/media?parent=185"}],"curies":[{"name":"wp","href":"https:\/\/api.w.org\/{rel}","templated":true}]}}